{"id":18885,"date":"2022-08-26T14:32:41","date_gmt":"2022-08-26T14:32:41","guid":{"rendered":"https:\/\/dishop.avtrixgames.com\/?page_id=18885"},"modified":"2024-05-12T17:23:15","modified_gmt":"2024-05-12T17:23:15","slug":"the-game","status":"publish","type":"page","link":"https:\/\/dishop.avtrixgames.com\/es\/the-game\/","title":{"rendered":"EL JUEGO"},"content":{"rendered":"<div data-elementor-type=\"wp-page\" data-elementor-id=\"18885\" class=\"elementor elementor-18885\">\n\t\t\t\t\t\t<section class=\"elementor-section elementor-top-section elementor-element elementor-element-a077821 elementor-section-boxed elementor-section-height-default elementor-section-height-default sc_fly_static\" data-id=\"a077821\" data-element_type=\"section\">\n\t\t\t\t\t\t<div class=\"elementor-container elementor-column-gap-extended\">\n\t\t\t\t\t<div class=\"elementor-column elementor-col-100 elementor-top-column elementor-element elementor-element-d1a4903 sc_inner_width_none sc_content_align_inherit sc_layouts_column_icons_position_left sc_fly_static\" data-id=\"d1a4903\" data-element_type=\"column\">\n\t\t\t<div class=\"elementor-widget-wrap elementor-element-populated\">\n\t\t\t\t\t\t<div class=\"elementor-element elementor-element-226b509 sc_height_large sc_fly_static elementor-widget elementor-widget-spacer\" data-id=\"226b509\" data-element_type=\"widget\" data-widget_type=\"spacer.default\">\n\t\t\t\t<div class=\"elementor-widget-container\">\n\t\t\t\t\t<div class=\"elementor-spacer\">\n\t\t\t<div class=\"elementor-spacer-inner\"><\/div>\n\t\t<\/div>\n\t\t\t\t<\/div>\n\t\t\t\t<\/div>\n\t\t\t\t\t<\/div>\n\t\t<\/div>\n\t\t\t\t\t<\/div>\n\t\t<\/section>\n\t\t\t\t<section class=\"elementor-section elementor-top-section elementor-element elementor-element-56ef313f elementor-section-content-middle elementor-section-boxed elementor-section-height-default elementor-section-height-default sc_fly_static\" data-id=\"56ef313f\" data-element_type=\"section\">\n\t\t\t\t\t\t<div class=\"elementor-container elementor-column-gap-extended\">\n\t\t\t\t\t<div class=\"elementor-column elementor-col-50 elementor-top-column elementor-element elementor-element-244503a1 sc_inner_width_none sc_content_align_inherit sc_layouts_column_icons_position_left animation_type_block sc_fly_static elementor-invisible\" data-id=\"244503a1\" data-element_type=\"column\" data-settings=\"{&quot;animation&quot;:&quot;gamic-fadeinleft&quot;}\">\n\t\t\t<div class=\"elementor-widget-wrap elementor-element-populated\">\n\t\t\t\t\t\t<div class=\"elementor-element elementor-element-484d2d95 sc_fly_static elementor-widget elementor-widget-trx_sc_title\" data-id=\"484d2d95\" data-element_type=\"widget\" data-widget_type=\"trx_sc_title.default\">\n\t\t\t\t<div class=\"elementor-widget-container\">\n\t\t\t<div\t\tclass=\"sc_title sc_title_default\" ><span class=\"sc_item_subtitle sc_title_subtitle sc_item_subtitle_above sc_item_title_style_default\">Aventura Neo-Noir FPS<\/span><h2 class=\"sc_item_title sc_title_title sc_item_title_style_default sc_item_title_tag\"\n\t\t\t><span class=\"sc_item_title_text\">FUSI\u00d3N DE JUEGOS CL\u00c1SICOS<\/span><\/h2><div class=\"sc_item_descr sc_title_descr\"><p>Dishop, un shooter en primera persona, fusiona una variedad de jugabilidades de g\u00e9neros ic\u00f3nicos como Half-Life y Resident Evil, absorbiendo tambi\u00e9n las mec\u00e1nicas distintivas de t\u00edtulos emblem\u00e1ticos como Metro Exodus, Doom y Duke Nukem. Con esta fusi\u00f3n de influencias, nuestro juego se esfuerza por brindar una experiencia sin igual, respetando adecuadamente las ra\u00edces de estos juegos cl\u00e1sicos y presentando nuestra visi\u00f3n \u00fanica del juego.<\/p>\n<\/div><\/div>\t\t<\/div>\n\t\t\t\t<\/div>\n\t\t\t\t<div class=\"elementor-element elementor-element-7d0e5738 sc_fly_static elementor-widget elementor-widget-spacer\" data-id=\"7d0e5738\" data-element_type=\"widget\" data-widget_type=\"spacer.default\">\n\t\t\t\t<div class=\"elementor-widget-container\">\n\t\t\t\t\t<div class=\"elementor-spacer\">\n\t\t\t<div class=\"elementor-spacer-inner\"><\/div>\n\t\t<\/div>\n\t\t\t\t<\/div>\n\t\t\t\t<\/div>\n\t\t\t\t<section class=\"elementor-section elementor-inner-section elementor-element elementor-element-1615b2fc elementor-section-boxed elementor-section-height-default elementor-section-height-default sc_fly_static\" data-id=\"1615b2fc\" data-element_type=\"section\">\n\t\t\t\t\t\t<div class=\"elementor-container elementor-column-gap-no\">\n\t\t\t\t\t<div class=\"elementor-column elementor-col-50 elementor-inner-column elementor-element elementor-element-2e12da5c sc_inner_width_none sc_content_align_inherit sc_layouts_column_icons_position_left sc_fly_static\" data-id=\"2e12da5c\" data-element_type=\"column\">\n\t\t\t<div class=\"elementor-widget-wrap elementor-element-populated\">\n\t\t\t\t\t\t<div class=\"elementor-element elementor-element-6b4d312 sc_fly_static elementor-widget elementor-widget-text-editor\" data-id=\"6b4d312\" data-element_type=\"widget\" data-widget_type=\"text-editor.default\">\n\t\t\t\t<div class=\"elementor-widget-container\">\n\t\t\t\t\t\t\t<ul>\n \t<li>Jugabilidad variada<\/li>\n \t<li>Influencias ic\u00f3nicas<\/li>\n \t<li>Est\u00e9tica neo-noir<\/li>\n<\/ul>\t\t\t\t\t\t<\/div>\n\t\t\t\t<\/div>\n\t\t\t\t\t<\/div>\n\t\t<\/div>\n\t\t\t\t<div class=\"elementor-column elementor-col-50 elementor-inner-column elementor-element elementor-element-1d96130c sc_inner_width_none sc_content_align_inherit sc_layouts_column_icons_position_left sc_fly_static\" data-id=\"1d96130c\" data-element_type=\"column\">\n\t\t\t<div class=\"elementor-widget-wrap elementor-element-populated\">\n\t\t\t\t\t\t<div class=\"elementor-element elementor-element-321b6971 sc_fly_static elementor-widget elementor-widget-text-editor\" data-id=\"321b6971\" data-element_type=\"widget\" data-widget_type=\"text-editor.default\">\n\t\t\t\t<div class=\"elementor-widget-container\">\n\t\t\t\t\t\t\t<ul>\n \t<li>Desaf\u00edos t\u00e1cticos<\/li>\n \t<li>Temas intensos<\/li>\n \t<li>Perfecci\u00f3n visual<\/li>\n<\/ul>\t\t\t\t\t\t<\/div>\n\t\t\t\t<\/div>\n\t\t\t\t\t<\/div>\n\t\t<\/div>\n\t\t\t\t\t<\/div>\n\t\t<\/section>\n\t\t\t\t\t<\/div>\n\t\t<\/div>\n\t\t\t\t<div class=\"elementor-column elementor-col-50 elementor-top-column elementor-element elementor-element-6fbca47b sc_inner_width_none sc_content_align_inherit sc_layouts_column_icons_position_left sc_fly_static\" data-id=\"6fbca47b\" data-element_type=\"column\">\n\t\t\t<div class=\"elementor-widget-wrap elementor-element-populated\">\n\t\t\t\t\t\t<section class=\"elementor-section elementor-inner-section elementor-element elementor-element-5874b8e0 elementor-section-boxed elementor-section-height-default elementor-section-height-default sc_fly_static\" data-id=\"5874b8e0\" data-element_type=\"section\">\n\t\t\t\t\t\t<div class=\"elementor-container elementor-column-gap-no\">\n\t\t\t\t\t<div class=\"elementor-column elementor-col-50 elementor-inner-column elementor-element elementor-element-5aafdbc4 sc_inner_width_none sc_content_align_inherit sc_layouts_column_icons_position_left sc_fly_static\" data-id=\"5aafdbc4\" data-element_type=\"column\">\n\t\t\t<div class=\"elementor-widget-wrap elementor-element-populated\">\n\t\t\t\t\t\t<div class=\"elementor-element elementor-element-43517038 no-title animation_type_block sc_fly_static elementor-invisible elementor-widget elementor-widget-image\" data-id=\"43517038\" data-element_type=\"widget\" data-settings=\"{&quot;_animation&quot;:&quot;gamic-fadein&quot;,&quot;_animation_delay&quot;:500}\" data-widget_type=\"image.default\">\n\t\t\t\t<div class=\"elementor-widget-container\">\n\t\t\t\t\t\t\t\t\t\t\t\t\t<img decoding=\"async\" src=\"https:\/\/dishop.avtrixgames.com\/wp-content\/uploads\/elementor\/thumbs\/Pistol_Upgrade-scaled-qo0dd67kxtxjfxzpg7z1j8x0qgkmb58wt9epvh4ogg.webp\" title=\"Pistol_Upgrade\" alt=\"Pistol_Upgrade\" loading=\"lazy\" \/>\t\t\t\t\t\t\t\t\t\t\t\t\t<\/div>\n\t\t\t\t<\/div>\n\t\t\t\t\t<\/div>\n\t\t<\/div>\n\t\t\t\t<div class=\"elementor-column elementor-col-50 elementor-inner-column elementor-element elementor-element-51973249 sc_inner_width_none sc_content_align_inherit sc_layouts_column_icons_position_left sc_fly_static\" data-id=\"51973249\" data-element_type=\"column\">\n\t\t\t<div class=\"elementor-widget-wrap elementor-element-populated\">\n\t\t\t\t\t\t<div class=\"elementor-element elementor-element-51faa3d9 no-title animation_type_block sc_fly_static elementor-invisible elementor-widget elementor-widget-image\" data-id=\"51faa3d9\" data-element_type=\"widget\" data-settings=\"{&quot;_animation&quot;:&quot;gamic-fadein&quot;,&quot;_animation_delay&quot;:250}\" data-widget_type=\"image.default\">\n\t\t\t\t<div class=\"elementor-widget-container\">\n\t\t\t\t\t\t\t\t\t\t\t\t\t<img decoding=\"async\" src=\"https:\/\/dishop.avtrixgames.com\/wp-content\/uploads\/elementor\/thumbs\/VH_Shot_1-scaled-qo0cyu680pmfvvkpfn9d3rfwy1m8cd8w2hlszb8vm4.webp\" title=\"VH_Shot_1\" alt=\"VH_Shot_1\" loading=\"lazy\" \/>\t\t\t\t\t\t\t\t\t\t\t\t\t<\/div>\n\t\t\t\t<\/div>\n\t\t\t\t<div class=\"elementor-element elementor-element-7781a66e sc_layouts_hide_on_mobile sc_fly_static elementor-widget elementor-widget-spacer\" data-id=\"7781a66e\" data-element_type=\"widget\" data-widget_type=\"spacer.default\">\n\t\t\t\t<div class=\"elementor-widget-container\">\n\t\t\t\t\t<div class=\"elementor-spacer\">\n\t\t\t<div class=\"elementor-spacer-inner\"><\/div>\n\t\t<\/div>\n\t\t\t\t<\/div>\n\t\t\t\t<\/div>\n\t\t\t\t\t<\/div>\n\t\t<\/div>\n\t\t\t\t\t<\/div>\n\t\t<\/section>\n\t\t\t\t\t<\/div>\n\t\t<\/div>\n\t\t\t\t\t<\/div>\n\t\t<\/section>\n\t\t\t\t<section class=\"elementor-section elementor-top-section elementor-element elementor-element-b2f573c elementor-section-boxed elementor-section-height-default elementor-section-height-default sc_fly_static\" data-id=\"b2f573c\" data-element_type=\"section\">\n\t\t\t\t\t\t<div class=\"elementor-container elementor-column-gap-extended\">\n\t\t\t\t\t<div class=\"elementor-column elementor-col-100 elementor-top-column elementor-element elementor-element-eb0a3af sc_inner_width_none sc_content_align_inherit sc_layouts_column_icons_position_left sc_fly_static\" data-id=\"eb0a3af\" data-element_type=\"column\">\n\t\t\t<div class=\"elementor-widget-wrap elementor-element-populated\">\n\t\t\t\t\t\t<div class=\"elementor-element elementor-element-2dcd54e sc_height_huge sc_fly_static elementor-widget elementor-widget-spacer\" data-id=\"2dcd54e\" data-element_type=\"widget\" data-widget_type=\"spacer.default\">\n\t\t\t\t<div class=\"elementor-widget-container\">\n\t\t\t\t\t<div class=\"elementor-spacer\">\n\t\t\t<div class=\"elementor-spacer-inner\"><\/div>\n\t\t<\/div>\n\t\t\t\t<\/div>\n\t\t\t\t<\/div>\n\t\t\t\t\t<\/div>\n\t\t<\/div>\n\t\t\t\t\t<\/div>\n\t\t<\/section>\n\t\t\t\t<section class=\"elementor-section elementor-top-section elementor-element elementor-element-1f68715 elementor-section-boxed elementor-section-height-default elementor-section-height-default sc_fly_static\" data-id=\"1f68715\" data-element_type=\"section\">\n\t\t\t\t\t\t<div class=\"elementor-container elementor-column-gap-extended\">\n\t\t\t\t\t<div class=\"elementor-column elementor-col-100 elementor-top-column elementor-element elementor-element-c1e200d sc_inner_width_none sc_content_align_inherit sc_layouts_column_icons_position_left sc_fly_static\" data-id=\"c1e200d\" data-element_type=\"column\">\n\t\t\t<div class=\"elementor-widget-wrap elementor-element-populated\">\n\t\t\t\t\t\t<div class=\"elementor-element elementor-element-6996529 animation_type_block sc_fly_static elementor-invisible elementor-widget elementor-widget-trx_sc_title\" data-id=\"6996529\" data-element_type=\"widget\" data-settings=\"{&quot;_animation&quot;:&quot;gamic-fadein&quot;}\" data-widget_type=\"trx_sc_title.default\">\n\t\t\t\t<div class=\"elementor-widget-container\">\n\t\t\t<div\t\tclass=\"sc_title sc_title_default\" ><span class=\"sc_item_subtitle sc_title_subtitle sc_item_subtitle_above sc_item_title_style_default\">Emocionante neo-noir<\/span><h3 class=\"sc_item_title sc_title_title sc_item_title_style_default sc_item_title_tag\"\n\t\t\t><span class=\"sc_item_title_text\">DESAF\u00cdOS INMERSIVOS NEO-NOIR Y VISUALES IMPRESIONANTES<\/span><\/h3><\/div>\t\t<\/div>\n\t\t\t\t<\/div>\n\t\t\t\t<div class=\"elementor-element elementor-element-4712df7 sc_height_small sc_fly_static elementor-widget elementor-widget-spacer\" data-id=\"4712df7\" data-element_type=\"widget\" data-widget_type=\"spacer.default\">\n\t\t\t\t<div class=\"elementor-widget-container\">\n\t\t\t\t\t<div class=\"elementor-spacer\">\n\t\t\t<div class=\"elementor-spacer-inner\"><\/div>\n\t\t<\/div>\n\t\t\t\t<\/div>\n\t\t\t\t<\/div>\n\t\t\t\t<div class=\"elementor-element elementor-element-f2014a2 animation_type_block sc_fly_static elementor-invisible elementor-widget elementor-widget-image\" data-id=\"f2014a2\" data-element_type=\"widget\" data-settings=\"{&quot;_animation&quot;:&quot;gamic-fadeinup&quot;,&quot;_animation_delay&quot;:250}\" data-widget_type=\"image.default\">\n\t\t\t\t<div class=\"elementor-widget-container\">\n\t\t\t\t\t\t\t\t\t\t\t\t\t<img fetchpriority=\"high\" decoding=\"async\" width=\"1024\" height=\"576\" src=\"https:\/\/dishop.avtrixgames.com\/wp-content\/uploads\/2024\/05\/Shotgun_NeoZ-1024x576.webp\" class=\"attachment-large size-large wp-image-22163\" alt=\"\" srcset=\"https:\/\/dishop.avtrixgames.com\/wp-content\/uploads\/2024\/05\/Shotgun_NeoZ-1024x576.webp 1024w, https:\/\/dishop.avtrixgames.com\/wp-content\/uploads\/2024\/05\/Shotgun_NeoZ-300x169.webp 300w, https:\/\/dishop.avtrixgames.com\/wp-content\/uploads\/2024\/05\/Shotgun_NeoZ-768x432.webp 768w, https:\/\/dishop.avtrixgames.com\/wp-content\/uploads\/2024\/05\/Shotgun_NeoZ-1536x864.webp 1536w, https:\/\/dishop.avtrixgames.com\/wp-content\/uploads\/2024\/05\/Shotgun_NeoZ-2048x1152.webp 2048w, https:\/\/dishop.avtrixgames.com\/wp-content\/uploads\/2024\/05\/Shotgun_NeoZ-370x208.webp 370w, https:\/\/dishop.avtrixgames.com\/wp-content\/uploads\/2024\/05\/Shotgun_NeoZ-1290x725.webp 1290w, https:\/\/dishop.avtrixgames.com\/wp-content\/uploads\/2024\/05\/Shotgun_NeoZ-840x473.webp 840w, https:\/\/dishop.avtrixgames.com\/wp-content\/uploads\/2024\/05\/Shotgun_NeoZ-410x231.webp 410w, https:\/\/dishop.avtrixgames.com\/wp-content\/uploads\/2024\/05\/Shotgun_NeoZ-600x338.webp 600w, https:\/\/dishop.avtrixgames.com\/wp-content\/uploads\/2024\/05\/Shotgun_NeoZ-270x152.webp 270w\" sizes=\"(max-width: 1024px) 100vw, 1024px\" \/>\t\t\t\t\t\t\t\t\t\t\t\t\t<\/div>\n\t\t\t\t<\/div>\n\t\t\t\t<div class=\"elementor-element elementor-element-4009b3b sc_height_medium sc_fly_static elementor-widget elementor-widget-spacer\" data-id=\"4009b3b\" data-element_type=\"widget\" data-widget_type=\"spacer.default\">\n\t\t\t\t<div class=\"elementor-widget-container\">\n\t\t\t\t\t<div class=\"elementor-spacer\">\n\t\t\t<div class=\"elementor-spacer-inner\"><\/div>\n\t\t<\/div>\n\t\t\t\t<\/div>\n\t\t\t\t<\/div>\n\t\t\t\t<div class=\"elementor-element elementor-element-2e95e32 animation_type_block sc_fly_static elementor-invisible elementor-widget elementor-widget-text-editor\" data-id=\"2e95e32\" data-element_type=\"widget\" data-settings=\"{&quot;_animation&quot;:&quot;gamic-fadeinup&quot;,&quot;_animation_delay&quot;:250}\" data-widget_type=\"text-editor.default\">\n\t\t\t\t<div class=\"elementor-widget-container\">\n\t\t\t\t\t\t\t<p>Las aventuras de Dishop abarcan una amplia gama de emociones y desaf\u00edos, desde el terror de supervivencia hasta la acci\u00f3n emocionante, el sigilo estrat\u00e9gico, la resoluci\u00f3n de acertijos y la gesti\u00f3n t\u00e1ctica de recursos. Ambientado en un mundo de est\u00e9tica neo-noir futurista, el juego te sumerge en una jugabilidad que oscila entre la semilinearidad y la exploraci\u00f3n ilimitada, incluso ofreciendo emocionantes escenas de conducci\u00f3n para agregar dinamismo adicional a la experiencia.<\/p><p>Con niveles de dificultad que van desde moderados hasta dif\u00edciles, la campa\u00f1a ofrece una serie emocionante de desaf\u00edos que te mantendr\u00e1n en vilo todo el tiempo. Adem\u00e1s, el juego est\u00e1 enriquecido con un estilo visual realista y una trama madura que aborda temas intensos como la violencia expl\u00edcita, el uso de drogas y la violencia, as\u00ed como un lenguaje \u00e1spero y provocativo.<\/p><p>Dishop aprovecha al m\u00e1ximo las capacidades del motor Unreal Engine 5, utilizando entornos detallados, impresionantes part\u00edculas y la tecnolog\u00eda Metahuman para lograr una experiencia visualmente impactante. Disponible en PC, PlayStation 5 y Xbox Series, Dishop promete una inmersi\u00f3n total en un mundo de acci\u00f3n y tensi\u00f3n sin igual en todas las plataformas.<\/p>\t\t\t\t\t\t<\/div>\n\t\t\t\t<\/div>\n\t\t\t\t<div class=\"elementor-element elementor-element-151b18e elementor-button-warning elementor-align-center animation_type_block sc_fly_static elementor-invisible elementor-widget elementor-widget-button\" data-id=\"151b18e\" data-element_type=\"widget\" data-settings=\"{&quot;_animation&quot;:&quot;gamic-fadeinup&quot;,&quot;_animation_delay&quot;:500}\" data-widget_type=\"button.default\">\n\t\t\t\t<div class=\"elementor-widget-container\">\n\t\t\t\t\t<div class=\"elementor-button-wrapper\">\n\t\t\t<a class=\"elementor-button elementor-button-link elementor-size-sm\" href=\"https:\/\/dishop.avtrixgames.com\/es\/the-features\/\">\n\t\t\t\t\t\t<span class=\"elementor-button-content-wrapper\">\n\t\t\t\t\t\t\t\t\t<span class=\"elementor-button-text\">EXPLORA LAS CARACTER\u00cdSTICAS<\/span>\n\t\t\t\t\t<\/span>\n\t\t\t\t\t<\/a>\n\t\t<\/div>\n\t\t\t\t<\/div>\n\t\t\t\t<\/div>\n\t\t\t\t\t<\/div>\n\t\t<\/div>\n\t\t\t\t\t<\/div>\n\t\t<\/section>\n\t\t\t\t<\/div>","protected":false},"excerpt":{"rendered":"<p>Neo-Noir FPS Adventure Dishop: A Fusion of Classic Gameplay Dishop, a single-player first-person shooter, merges the diverse gameplay of iconic genres like Half-Life and Resident Evil while adopting the distinctive&hellip;<\/p>","protected":false},"author":1,"featured_media":0,"parent":0,"menu_order":0,"comment_status":"closed","ping_status":"closed","template":"","meta":{"footnotes":""},"_links":{"self":[{"href":"https:\/\/dishop.avtrixgames.com\/es\/wp-json\/wp\/v2\/pages\/18885"}],"collection":[{"href":"https:\/\/dishop.avtrixgames.com\/es\/wp-json\/wp\/v2\/pages"}],"about":[{"href":"https:\/\/dishop.avtrixgames.com\/es\/wp-json\/wp\/v2\/types\/page"}],"author":[{"embeddable":true,"href":"https:\/\/dishop.avtrixgames.com\/es\/wp-json\/wp\/v2\/users\/1"}],"replies":[{"embeddable":true,"href":"https:\/\/dishop.avtrixgames.com\/es\/wp-json\/wp\/v2\/comments?post=18885"}],"version-history":[{"count":35,"href":"https:\/\/dishop.avtrixgames.com\/es\/wp-json\/wp\/v2\/pages\/18885\/revisions"}],"predecessor-version":[{"id":22393,"href":"https:\/\/dishop.avtrixgames.com\/es\/wp-json\/wp\/v2\/pages\/18885\/revisions\/22393"}],"wp:attachment":[{"href":"https:\/\/dishop.avtrixgames.com\/es\/wp-json\/wp\/v2\/media?parent=18885"}],"curies":[{"name":"wp","href":"https:\/\/api.w.org\/{rel}","templated":true}]}}